{"id":3506,"date":"2023-10-17T14:42:26","date_gmt":"2023-10-17T12:42:26","guid":{"rendered":"https:\/\/yvcharron.com\/?page_id=3506"},"modified":"2024-08-26T21:40:45","modified_gmt":"2024-08-26T19:40:45","slug":"france-open-menu","status":"publish","type":"page","link":"https:\/\/yvcharron.com\/index.php\/france-open-menu\/","title":{"rendered":"FRANCE &#8211; Cartes, chemins, etc."},"content":{"rendered":"\n<p class=\"has-text-align-center has-black-color has-text-color has-medium-font-size\"><\/p>\n\n\n\n<p class=\"has-text-align-center has-black-color has-text-color has-medium-font-size\"><\/p>\n\n\n\n<div class=\"wp-block-media-text is-stacked-on-mobile\"><figure class=\"wp-block-media-text__media\"><img loading=\"lazy\" decoding=\"async\" width=\"1024\" height=\"798\" src=\"https:\/\/yvcharron.com\/wp-content\/uploads\/2024\/02\/Itin-France-1-a-15_Couleur-1024x798.png\" alt=\"\" class=\"wp-image-3824 size-full\" srcset=\"https:\/\/yvcharron.com\/wp-content\/uploads\/2024\/02\/Itin-France-1-a-15_Couleur-1024x798.png 1024w, https:\/\/yvcharron.com\/wp-content\/uploads\/2024\/02\/Itin-France-1-a-15_Couleur-300x234.png 300w, https:\/\/yvcharron.com\/wp-content\/uploads\/2024\/02\/Itin-France-1-a-15_Couleur-768x599.png 768w, https:\/\/yvcharron.com\/wp-content\/uploads\/2024\/02\/Itin-France-1-a-15_Couleur.png 1179w\" sizes=\"auto, (max-width: 1024px) 100vw, 1024px\" \/><\/figure><div class=\"wp-block-media-text__content\">\n<p class=\"has-text-color\" style=\"color:#fccf00\">1 &#8211; <a href=\"https:\/\/yvcharron.com\/index.php\/voie-de-tours\/\">Voie de Tours<\/a> &#8211; <strong>Turonensis<\/strong><\/p>\n\n\n\n<p class=\"has-vivid-cyan-blue-color has-text-color\">2 &#8211; <a href=\"https:\/\/yvcharron.com\/index.php\/vezelay\/\">Voie de V\u00e9zelay<\/a> &#8211; <strong>Lemovicensis<\/strong><\/p>\n\n\n\n<p class=\"has-text-color\" style=\"color:#4c3192\">3 &#8211; <a href=\"https:\/\/yvcharron.com\/index.php\/voie-du-puy-en-velay-via-podiensis\/\">Voie du Puy en Velay<\/a> &#8211; <strong>Podiensis<\/strong><\/p>\n\n\n\n<p class=\"has-vivid-purple-color has-text-color\">4 &#8211; <a href=\"https:\/\/yvcharron.com\/index.php\/via-tolosana\/\">Voie d&#8217;Arles<\/a> &#8211; <strong>Tolosana<\/strong><\/p>\n\n\n\n<p class=\"has-text-color\" style=\"color:#84b5a1\">5 &#8211; <a href=\"https:\/\/yvcharron.com\/index.php\/piemont-pyreneen\/\">Pi\u00e9mont pyr\u00e9n\u00e9en<\/a> &#8211; <strong>GR78<\/strong><\/p>\n\n\n\n<p class=\"has-text-color\" style=\"color:#439175\">6 &#8211; <a href=\"https:\/\/yvcharron.com\/index.php\/bretagne\/\">Bretagne<\/a> &#8211; <strong>Pointe St Mathieu<\/strong><\/p>\n\n\n\n<p class=\"has-text-color\" style=\"color:#e5c084\">7 &#8211; <a href=\"https:\/\/yvcharron.com\/index.php\/gr3-la-loire\/\">La Loire<\/a> &#8211; <strong>GR3<\/strong><\/p>\n\n\n\n<p class=\"has-text-color\" style=\"color:#c40606\">8 &#8211; <a href=\"https:\/\/yvcharron.com\/index.php\/gr8-cote-atlantique\/\">C\u00f4te Atlantique<\/a> &#8211; <strong>GR8<\/strong><\/p>\n\n\n\n<p>9 &#8211; <\/p>\n\n\n\n<p class=\"has-text-color\" style=\"color:#d59e07\">10 &#8211; <a href=\"https:\/\/yvcharron.com\/index.php\/alsace\/\">Alsace<\/a> &#8211; <\/p>\n\n\n\n<p class=\"has-text-color\" style=\"color:#cc3b06ed\">11 &#8211; <a href=\"https:\/\/yvcharron.com\/index.php\/ile-de-france\/\">Tour de l&#8217;Ile de France<\/a> &#8211; <strong>GR1<\/strong><\/p>\n\n\n\n<p class=\"has-text-color\" style=\"color:#781818\">12 &#8211; <a href=\"https:\/\/yvcharron.com\/index.php\/gr2024-le-tour-de-paris\/\">Tour de Paris<\/a> &#8211; <strong>GR2024<\/strong><\/p>\n\n\n\n<p class=\"has-vivid-green-cyan-color has-text-color\">13 &#8211; <a href=\"https:\/\/yvcharron.com\/index.php\/chemin-de-stevenson\/\">Chemin Stevenson<\/a> &#8211; <strong>GR70<\/strong><\/p>\n\n\n\n<p class=\"has-text-color\" style=\"color:#9e670d\">14 &#8211; <a href=\"https:\/\/yvcharron.com\/index.php\/corse-gr20-fr\/\">La Corse<\/a> &#8211; <strong>GR20<\/strong><\/p>\n\n\n\n<p class=\"has-text-color\" style=\"color:#146748\">15 &#8211; <a href=\"https:\/\/yvcharron.com\/index.php\/gr-145-francigena\/\">La Francigena<\/a> &#8211; <strong>GR145<\/strong><\/p>\n<\/div><\/div>\n\n\n\n<figure class=\"wp-block-audio\"><audio controls src=\"https:\/\/yvcharron.com\/wp-content\/uploads\/2024\/08\/12-Unbekannter-Track-12.mp3\" autoplay><\/audio><\/figure>\n","protected":false},"excerpt":{"rendered":"<p>1 &#8211; Voie de Tours &#8211; Turonensis 2 &#8211; Voie de V\u00e9zelay &#8211; Lemovicensis 3 &#8211; Voie du Puy en Velay &#8211; Podiensis 4 &#8211; Voie d&#8217;Arles &#8211; Tolosana 5 &#8211; Pi\u00e9mont pyr\u00e9n\u00e9en &#8211; GR78 6 &#8211; Bretagne &#8211; Pointe St Mathieu 7 &#8211; La Loire &#8211; GR3 8 &#8211; C\u00f4te Atlantique &#8211; GR8 9&hellip; <br \/> <a class=\"read-more\" href=\"https:\/\/yvcharron.com\/index.php\/france-open-menu\/\">Read more<\/a><\/p>\n","protected":false},"author":1,"featured_media":0,"parent":0,"menu_order":0,"comment_status":"closed","ping_status":"closed","template":"","meta":{"footnotes":""},"class_list":["post-3506","page","type-page","status-publish","hentry"],"yoast_head":"<!-- This site is optimized with the Yoast SEO plugin v24.9 - https:\/\/yoast.com\/wordpress\/plugins\/seo\/ -->\n<title>FRANCE - Cartes, chemins, etc. - CHARRON Yves<\/title>\n<meta name=\"robots\" content=\"index, follow, max-snippet:-1, max-image-preview:large, max-video-preview:-1\" \/>\n<link rel=\"canonical\" href=\"https:\/\/yvcharron.com\/index.php\/france-open-menu\/\" \/>\n<meta property=\"og:locale\" content=\"en_US\" \/>\n<meta property=\"og:type\" content=\"article\" \/>\n<meta property=\"og:title\" content=\"FRANCE - Cartes, chemins, etc. - CHARRON Yves\" \/>\n<meta property=\"og:description\" content=\"1 &#8211; Voie de Tours &#8211; Turonensis 2 &#8211; Voie de V\u00e9zelay &#8211; Lemovicensis 3 &#8211; Voie du Puy en Velay &#8211; Podiensis 4 &#8211; Voie d&#8217;Arles &#8211; Tolosana 5 &#8211; Pi\u00e9mont pyr\u00e9n\u00e9en &#8211; GR78 6 &#8211; Bretagne &#8211; Pointe St Mathieu 7 &#8211; La Loire &#8211; GR3 8 &#8211; C\u00f4te Atlantique &#8211; GR8 9&hellip; Read more\" \/>\n<meta property=\"og:url\" content=\"https:\/\/yvcharron.com\/index.php\/france-open-menu\/\" \/>\n<meta property=\"og:site_name\" content=\"CHARRON Yves\" \/>\n<meta property=\"article:modified_time\" content=\"2024-08-26T19:40:45+00:00\" \/>\n<meta property=\"og:image\" content=\"https:\/\/yvcharron.com\/wp-content\/uploads\/2024\/02\/Itin-France-1-a-15_Couleur-1024x798.png\" \/>\n<meta name=\"twitter:card\" content=\"summary_large_image\" \/>\n<meta name=\"twitter:label1\" content=\"Est. reading time\" \/>\n\t<meta name=\"twitter:data1\" content=\"1 minute\" \/>\n<script type=\"application\/ld+json\" class=\"yoast-schema-graph\">{\"@context\":\"https:\/\/schema.org\",\"@graph\":[{\"@type\":\"WebPage\",\"@id\":\"https:\/\/yvcharron.com\/index.php\/france-open-menu\/\",\"url\":\"https:\/\/yvcharron.com\/index.php\/france-open-menu\/\",\"name\":\"FRANCE - Cartes, chemins, etc. - CHARRON Yves\",\"isPartOf\":{\"@id\":\"https:\/\/yvcharron.com\/#website\"},\"primaryImageOfPage\":{\"@id\":\"https:\/\/yvcharron.com\/index.php\/france-open-menu\/#primaryimage\"},\"image\":{\"@id\":\"https:\/\/yvcharron.com\/index.php\/france-open-menu\/#primaryimage\"},\"thumbnailUrl\":\"https:\/\/yvcharron.com\/wp-content\/uploads\/2024\/02\/Itin-France-1-a-15_Couleur-1024x798.png\",\"datePublished\":\"2023-10-17T12:42:26+00:00\",\"dateModified\":\"2024-08-26T19:40:45+00:00\",\"breadcrumb\":{\"@id\":\"https:\/\/yvcharron.com\/index.php\/france-open-menu\/#breadcrumb\"},\"inLanguage\":\"en-US\",\"potentialAction\":[{\"@type\":\"ReadAction\",\"target\":[\"https:\/\/yvcharron.com\/index.php\/france-open-menu\/\"]}]},{\"@type\":\"ImageObject\",\"inLanguage\":\"en-US\",\"@id\":\"https:\/\/yvcharron.com\/index.php\/france-open-menu\/#primaryimage\",\"url\":\"https:\/\/yvcharron.com\/wp-content\/uploads\/2024\/02\/Itin-France-1-a-15_Couleur.png\",\"contentUrl\":\"https:\/\/yvcharron.com\/wp-content\/uploads\/2024\/02\/Itin-France-1-a-15_Couleur.png\",\"width\":1179,\"height\":919},{\"@type\":\"BreadcrumbList\",\"@id\":\"https:\/\/yvcharron.com\/index.php\/france-open-menu\/#breadcrumb\",\"itemListElement\":[{\"@type\":\"ListItem\",\"position\":1,\"name\":\"Home\",\"item\":\"https:\/\/yvcharron.com\/\"},{\"@type\":\"ListItem\",\"position\":2,\"name\":\"FRANCE &#8211; Cartes, chemins, etc.\"}]},{\"@type\":\"WebSite\",\"@id\":\"https:\/\/yvcharron.com\/#website\",\"url\":\"https:\/\/yvcharron.com\/\",\"name\":\"CHARRON Yves\",\"description\":\"Site last update 2024 November 1st\",\"potentialAction\":[{\"@type\":\"SearchAction\",\"target\":{\"@type\":\"EntryPoint\",\"urlTemplate\":\"https:\/\/yvcharron.com\/?s={search_term_string}\"},\"query-input\":{\"@type\":\"PropertyValueSpecification\",\"valueRequired\":true,\"valueName\":\"search_term_string\"}}],\"inLanguage\":\"en-US\"}]}<\/script>\n<!-- \/ Yoast SEO plugin. -->","yoast_head_json":{"title":"FRANCE - Cartes, chemins, etc. - CHARRON Yves","robots":{"index":"index","follow":"follow","max-snippet":"max-snippet:-1","max-image-preview":"max-image-preview:large","max-video-preview":"max-video-preview:-1"},"canonical":"https:\/\/yvcharron.com\/index.php\/france-open-menu\/","og_locale":"en_US","og_type":"article","og_title":"FRANCE - Cartes, chemins, etc. - CHARRON Yves","og_description":"1 &#8211; Voie de Tours &#8211; Turonensis 2 &#8211; Voie de V\u00e9zelay &#8211; Lemovicensis 3 &#8211; Voie du Puy en Velay &#8211; Podiensis 4 &#8211; Voie d&#8217;Arles &#8211; Tolosana 5 &#8211; Pi\u00e9mont pyr\u00e9n\u00e9en &#8211; GR78 6 &#8211; Bretagne &#8211; Pointe St Mathieu 7 &#8211; La Loire &#8211; GR3 8 &#8211; C\u00f4te Atlantique &#8211; GR8 9&hellip; Read more","og_url":"https:\/\/yvcharron.com\/index.php\/france-open-menu\/","og_site_name":"CHARRON Yves","article_modified_time":"2024-08-26T19:40:45+00:00","og_image":[{"url":"https:\/\/yvcharron.com\/wp-content\/uploads\/2024\/02\/Itin-France-1-a-15_Couleur-1024x798.png","type":"","width":"","height":""}],"twitter_card":"summary_large_image","twitter_misc":{"Est. reading time":"1 minute"},"schema":{"@context":"https:\/\/schema.org","@graph":[{"@type":"WebPage","@id":"https:\/\/yvcharron.com\/index.php\/france-open-menu\/","url":"https:\/\/yvcharron.com\/index.php\/france-open-menu\/","name":"FRANCE - Cartes, chemins, etc. - CHARRON Yves","isPartOf":{"@id":"https:\/\/yvcharron.com\/#website"},"primaryImageOfPage":{"@id":"https:\/\/yvcharron.com\/index.php\/france-open-menu\/#primaryimage"},"image":{"@id":"https:\/\/yvcharron.com\/index.php\/france-open-menu\/#primaryimage"},"thumbnailUrl":"https:\/\/yvcharron.com\/wp-content\/uploads\/2024\/02\/Itin-France-1-a-15_Couleur-1024x798.png","datePublished":"2023-10-17T12:42:26+00:00","dateModified":"2024-08-26T19:40:45+00:00","breadcrumb":{"@id":"https:\/\/yvcharron.com\/index.php\/france-open-menu\/#breadcrumb"},"inLanguage":"en-US","potentialAction":[{"@type":"ReadAction","target":["https:\/\/yvcharron.com\/index.php\/france-open-menu\/"]}]},{"@type":"ImageObject","inLanguage":"en-US","@id":"https:\/\/yvcharron.com\/index.php\/france-open-menu\/#primaryimage","url":"https:\/\/yvcharron.com\/wp-content\/uploads\/2024\/02\/Itin-France-1-a-15_Couleur.png","contentUrl":"https:\/\/yvcharron.com\/wp-content\/uploads\/2024\/02\/Itin-France-1-a-15_Couleur.png","width":1179,"height":919},{"@type":"BreadcrumbList","@id":"https:\/\/yvcharron.com\/index.php\/france-open-menu\/#breadcrumb","itemListElement":[{"@type":"ListItem","position":1,"name":"Home","item":"https:\/\/yvcharron.com\/"},{"@type":"ListItem","position":2,"name":"FRANCE &#8211; Cartes, chemins, etc."}]},{"@type":"WebSite","@id":"https:\/\/yvcharron.com\/#website","url":"https:\/\/yvcharron.com\/","name":"CHARRON Yves","description":"Site last update 2024 November 1st","potentialAction":[{"@type":"SearchAction","target":{"@type":"EntryPoint","urlTemplate":"https:\/\/yvcharron.com\/?s={search_term_string}"},"query-input":{"@type":"PropertyValueSpecification","valueRequired":true,"valueName":"search_term_string"}}],"inLanguage":"en-US"}]}},"_links":{"self":[{"href":"https:\/\/yvcharron.com\/index.php\/wp-json\/wp\/v2\/pages\/3506","targetHints":{"allow":["GET"]}}],"collection":[{"href":"https:\/\/yvcharron.com\/index.php\/wp-json\/wp\/v2\/pages"}],"about":[{"href":"https:\/\/yvcharron.com\/index.php\/wp-json\/wp\/v2\/types\/page"}],"author":[{"embeddable":true,"href":"https:\/\/yvcharron.com\/index.php\/wp-json\/wp\/v2\/users\/1"}],"replies":[{"embeddable":true,"href":"https:\/\/yvcharron.com\/index.php\/wp-json\/wp\/v2\/comments?post=3506"}],"version-history":[{"count":11,"href":"https:\/\/yvcharron.com\/index.php\/wp-json\/wp\/v2\/pages\/3506\/revisions"}],"predecessor-version":[{"id":4279,"href":"https:\/\/yvcharron.com\/index.php\/wp-json\/wp\/v2\/pages\/3506\/revisions\/4279"}],"wp:attachment":[{"href":"https:\/\/yvcharron.com\/index.php\/wp-json\/wp\/v2\/media?parent=3506"}],"curies":[{"name":"wp","href":"https:\/\/api.w.org\/{rel}","templated":true}]}}